{"id":152,"date":"2022-04-01T04:02:55","date_gmt":"2022-04-01T04:02:55","guid":{"rendered":"https:\/\/www.kumekimun.cl\/web\/?page_id=152"},"modified":"2022-04-14T00:22:55","modified_gmt":"2022-04-14T00:22:55","slug":"nutricion","status":"publish","type":"page","link":"https:\/\/www.kumekimun.cl\/web\/nutricion\/","title":{"rendered":"Nutricion"},"content":{"rendered":"\t\t<div data-elementor-type=\"wp-page\" data-elementor-id=\"152\" class=\"elementor elementor-152\" data-elementor-post-type=\"page\">\n\t\t\t\t\t\t<section class=\"elementor-section elementor-top-section elementor-element elementor-element-5a1c046 elementor-section-boxed elementor-section-height-default elementor-section-height-default\" data-id=\"5a1c046\" data-element_type=\"section\">\n\t\t\t\t\t\t<div class=\"elementor-container elementor-column-gap-default\">\n\t\t\t\t\t<div class=\"elementor-column elementor-col-100 elementor-top-column elementor-element elementor-element-fb9095a\" data-id=\"fb9095a\" data-element_type=\"column\">\n\t\t\t<div class=\"elementor-widget-wrap elementor-element-populated\">\n\t\t\t\t\t\t<div class=\"elementor-element elementor-element-c73e5f7 elementor-widget elementor-widget-image\" data-id=\"c73e5f7\" data-element_type=\"widget\" data-widget_type=\"image.default\">\n\t\t\t\t<div class=\"elementor-widget-container\">\n\t\t\t\t\t\t\t\t\t\t\t\t\t\t\t<img fetchpriority=\"high\" decoding=\"async\" width=\"768\" height=\"402\" src=\"https:\/\/www.kumekimun.cl\/web\/wp-content\/uploads\/2022\/04\/Nutricion-Banner-2-768x402.jpg\" class=\"attachment-medium_large size-medium_large wp-image-198\" alt=\"Curso Nutrici\u00f3n Oriental\" srcset=\"https:\/\/www.kumekimun.cl\/web\/wp-content\/uploads\/2022\/04\/Nutricion-Banner-2-768x402.jpg 768w, https:\/\/www.kumekimun.cl\/web\/wp-content\/uploads\/2022\/04\/Nutricion-Banner-2-300x157.jpg 300w, https:\/\/www.kumekimun.cl\/web\/wp-content\/uploads\/2022\/04\/Nutricion-Banner-2-1024x537.jpg 1024w, https:\/\/www.kumekimun.cl\/web\/wp-content\/uploads\/2022\/04\/Nutricion-Banner-2.jpg 1080w\" sizes=\"(max-width: 768px) 100vw, 768px\" \/>\t\t\t\t\t\t\t\t\t\t\t\t\t\t\t<\/div>\n\t\t\t\t<\/div>\n\t\t\t\t\t<\/div>\n\t\t<\/div>\n\t\t\t\t\t<\/div>\n\t\t<\/section>\n\t\t\t\t<section class=\"elementor-section elementor-top-section elementor-element elementor-element-637f990 elementor-section-boxed elementor-section-height-default elementor-section-height-default\" data-id=\"637f990\" data-element_type=\"section\">\n\t\t\t\t\t\t<div class=\"elementor-container elementor-column-gap-default\">\n\t\t\t\t\t<div class=\"elementor-column elementor-col-100 elementor-top-column elementor-element elementor-element-5565ed0\" data-id=\"5565ed0\" data-element_type=\"column\">\n\t\t\t<div class=\"elementor-widget-wrap elementor-element-populated\">\n\t\t\t\t\t\t<div class=\"elementor-element elementor-element-bcd5ad5 elementor-widget elementor-widget-heading\" data-id=\"bcd5ad5\" data-element_type=\"widget\" data-widget_type=\"heading.default\">\n\t\t\t\t<div class=\"elementor-widget-container\">\n\t\t\t\t\t<h2 class=\"elementor-heading-title elementor-size-default\">Diplomado Nutrici\u00f3n Oriental<\/h2>\t\t\t\t<\/div>\n\t\t\t\t<\/div>\n\t\t\t\t<div class=\"elementor-element elementor-element-63496fe elementor-widget elementor-widget-text-editor\" data-id=\"63496fe\" data-element_type=\"widget\" data-widget_type=\"text-editor.default\">\n\t\t\t\t<div class=\"elementor-widget-container\">\n\t\t\t\t\t\t\t\t\t<p>Este Diplomado de Nutrici\u00f3n en Medicina Oriental pretende entregar al alumno los conocimientos b\u00e1sicos sobre el marco hist\u00f3rico, preventivo y tratamiento a trav\u00e9s de los diversos alimentos seg\u00fan su valoraci\u00f3n, su naturaleza, direcci\u00f3n, tendencia, sabor, acci\u00f3n, tropismo, etc. El alumno entender\u00e1 como interpretar los datos que nos aporta el paciente para reconocer las distintas patolog\u00edas seg\u00fan la MTC y aplicar correctamente el tratamiento basado en la Diet\u00e9tica.<\/p><ul><li>Saber emplear las distintas combinaciones de alimentos para la resoluci\u00f3n de cada s\u00edndrome que se presenta en una patolog\u00eda.<\/li><li>Conocer el uso adecuado de cada alimento, as\u00ed como sus contraindicaciones y posibles interacciones con otros complementos o con f\u00e1rmacos.<\/li><\/ul>\t\t\t\t\t\t\t\t<\/div>\n\t\t\t\t<\/div>\n\t\t\t\t\t<\/div>\n\t\t<\/div>\n\t\t\t\t\t<\/div>\n\t\t<\/section>\n\t\t\t\t<section class=\"elementor-section elementor-top-section elementor-element elementor-element-d6d1feb elementor-section-boxed elementor-section-height-default elementor-section-height-default\" data-id=\"d6d1feb\" data-element_type=\"section\" data-settings=\"{&quot;background_background&quot;:&quot;classic&quot;}\">\n\t\t\t\t\t\t<div class=\"elementor-container elementor-column-gap-default\">\n\t\t\t\t\t<div class=\"elementor-column elementor-col-50 elementor-top-column elementor-element elementor-element-2a21b60\" data-id=\"2a21b60\" data-element_type=\"column\">\n\t\t\t<div class=\"elementor-widget-wrap elementor-element-populated\">\n\t\t\t\t\t\t<div class=\"elementor-element elementor-element-55d46f2 elementor-widget elementor-widget-heading\" data-id=\"55d46f2\" data-element_type=\"widget\" data-widget_type=\"heading.default\">\n\t\t\t\t<div class=\"elementor-widget-container\">\n\t\t\t\t\t<h3 class=\"elementor-heading-title elementor-size-default\">Diplomado de Nutrici\u00f3n Oriental abierto a alumnos de todas las regiones del pa\u00eds\n<\/h3>\t\t\t\t<\/div>\n\t\t\t\t<\/div>\n\t\t\t\t\t<\/div>\n\t\t<\/div>\n\t\t\t\t<div class=\"elementor-column elementor-col-50 elementor-top-column elementor-element elementor-element-65449f3\" data-id=\"65449f3\" data-element_type=\"column\">\n\t\t\t<div class=\"elementor-widget-wrap elementor-element-populated\">\n\t\t\t\t\t\t<div class=\"elementor-element elementor-element-eca807a elementor-widget elementor-widget-image\" data-id=\"eca807a\" data-element_type=\"widget\" data-widget_type=\"image.default\">\n\t\t\t\t<div class=\"elementor-widget-container\">\n\t\t\t\t\t\t\t\t\t\t\t\t\t\t\t<img decoding=\"async\" width=\"59\" height=\"300\" src=\"https:\/\/www.kumekimun.cl\/web\/wp-content\/uploads\/2022\/03\/Chile-BN-59x300.png\" class=\"attachment-medium size-medium wp-image-94\" alt=\"\" srcset=\"https:\/\/www.kumekimun.cl\/web\/wp-content\/uploads\/2022\/03\/Chile-BN-59x300.png 59w, https:\/\/www.kumekimun.cl\/web\/wp-content\/uploads\/2022\/03\/Chile-BN-202x1024.png 202w, https:\/\/www.kumekimun.cl\/web\/wp-content\/uploads\/2022\/03\/Chile-BN-303x1536.png 303w, https:\/\/www.kumekimun.cl\/web\/wp-content\/uploads\/2022\/03\/Chile-BN.png 396w\" sizes=\"(max-width: 59px) 100vw, 59px\" \/>\t\t\t\t\t\t\t\t\t\t\t\t\t\t\t<\/div>\n\t\t\t\t<\/div>\n\t\t\t\t\t<\/div>\n\t\t<\/div>\n\t\t\t\t\t<\/div>\n\t\t<\/section>\n\t\t\t\t<section class=\"elementor-section elementor-top-section elementor-element elementor-element-9024f5f elementor-section-boxed elementor-section-height-default elementor-section-height-default\" data-id=\"9024f5f\" data-element_type=\"section\">\n\t\t\t\t\t\t<div class=\"elementor-container elementor-column-gap-default\">\n\t\t\t\t\t<div class=\"elementor-column elementor-col-16 elementor-top-column elementor-element elementor-element-ff75f31\" data-id=\"ff75f31\" data-element_type=\"column\">\n\t\t\t<div class=\"elementor-widget-wrap\">\n\t\t\t\t\t\t\t<\/div>\n\t\t<\/div>\n\t\t\t\t<div class=\"elementor-column elementor-col-66 elementor-top-column elementor-element elementor-element-49a52c4\" data-id=\"49a52c4\" data-element_type=\"column\">\n\t\t\t<div class=\"elementor-widget-wrap\">\n\t\t\t\t\t\t\t<\/div>\n\t\t<\/div>\n\t\t\t\t<div class=\"elementor-column elementor-col-16 elementor-top-column elementor-element elementor-element-a77c8e2\" data-id=\"a77c8e2\" data-element_type=\"column\">\n\t\t\t<div class=\"elementor-widget-wrap\">\n\t\t\t\t\t\t\t<\/div>\n\t\t<\/div>\n\t\t\t\t\t<\/div>\n\t\t<\/section>\n\t\t\t\t<section class=\"elementor-section elementor-top-section elementor-element elementor-element-37e0016 elementor-section-boxed elementor-section-height-default elementor-section-height-default\" data-id=\"37e0016\" data-element_type=\"section\">\n\t\t\t\t\t\t<div class=\"elementor-container elementor-column-gap-default\">\n\t\t\t\t\t<div class=\"elementor-column elementor-col-100 elementor-top-column elementor-element elementor-element-d4577b0\" data-id=\"d4577b0\" data-element_type=\"column\">\n\t\t\t<div class=\"elementor-widget-wrap elementor-element-populated\">\n\t\t\t\t\t\t<div class=\"elementor-element elementor-element-e000286 elementor-widget elementor-widget-image\" data-id=\"e000286\" data-element_type=\"widget\" data-widget_type=\"image.default\">\n\t\t\t\t<div class=\"elementor-widget-container\">\n\t\t\t\t\t\t\t\t\t\t\t\t\t\t\t<img decoding=\"async\" width=\"800\" height=\"450\" src=\"https:\/\/www.kumekimun.cl\/web\/wp-content\/uploads\/2022\/04\/CAlendario-Nutricion-Oriental-Kume-Kimun-1024x576.png\" class=\"attachment-large size-large wp-image-158\" alt=\"\" srcset=\"https:\/\/www.kumekimun.cl\/web\/wp-content\/uploads\/2022\/04\/CAlendario-Nutricion-Oriental-Kume-Kimun-1024x576.png 1024w, https:\/\/www.kumekimun.cl\/web\/wp-content\/uploads\/2022\/04\/CAlendario-Nutricion-Oriental-Kume-Kimun-300x169.png 300w, https:\/\/www.kumekimun.cl\/web\/wp-content\/uploads\/2022\/04\/CAlendario-Nutricion-Oriental-Kume-Kimun-768x432.png 768w, https:\/\/www.kumekimun.cl\/web\/wp-content\/uploads\/2022\/04\/CAlendario-Nutricion-Oriental-Kume-Kimun.png 1280w\" sizes=\"(max-width: 800px) 100vw, 800px\" \/>\t\t\t\t\t\t\t\t\t\t\t\t\t\t\t<\/div>\n\t\t\t\t<\/div>\n\t\t\t\t\t<\/div>\n\t\t<\/div>\n\t\t\t\t\t<\/div>\n\t\t<\/section>\n\t\t\t\t<section class=\"elementor-section elementor-top-section elementor-element elementor-element-a5a8c52 elementor-section-boxed elementor-section-height-default elementor-section-height-default\" data-id=\"a5a8c52\" data-element_type=\"section\">\n\t\t\t\t\t\t<div class=\"elementor-container elementor-column-gap-default\">\n\t\t\t\t\t<div class=\"elementor-column elementor-col-100 elementor-top-column elementor-element elementor-element-ac0a1bb\" data-id=\"ac0a1bb\" data-element_type=\"column\">\n\t\t\t<div class=\"elementor-widget-wrap elementor-element-populated\">\n\t\t\t\t\t\t<div class=\"elementor-element elementor-element-0eaf707 elementor-widget elementor-widget-heading\" data-id=\"0eaf707\" data-element_type=\"widget\" data-widget_type=\"heading.default\">\n\t\t\t\t<div class=\"elementor-widget-container\">\n\t\t\t\t\t<h2 class=\"elementor-heading-title elementor-size-default\">Equipo Docente\n<\/h2>\t\t\t\t<\/div>\n\t\t\t\t<\/div>\n\t\t\t\t<div class=\"elementor-element elementor-element-90d4c67 elementor-widget elementor-widget-text-editor\" data-id=\"90d4c67\" data-element_type=\"widget\" data-widget_type=\"text-editor.default\">\n\t\t\t\t<div class=\"elementor-widget-container\">\n\t\t\t\t\t\t\t\t\t<p>Nuestro centro cuenta con un equipo de profesionales que constituye nuestro principal valor.<\/p><p>Los docentes con grados acad\u00e9micos de diversas universidades son expertos en cada materia que imparten, con amplia experiencia tanto Cl\u00ednica como pedag\u00f3gica, los cuales est\u00e1n constantemente mejorando sus conocimientos y estrategias de ense\u00f1anza, mantiene un f\u00e9rreo compromiso en orientar, guiar, responder dudas y apoyar a nuestros estudiantes a lo largo de todo el proceso de ense\u00f1anza y aprendizaje.<\/p>\t\t\t\t\t\t\t\t<\/div>\n\t\t\t\t<\/div>\n\t\t\t\t\t<\/div>\n\t\t<\/div>\n\t\t\t\t\t<\/div>\n\t\t<\/section>\n\t\t\t\t<section class=\"elementor-section elementor-top-section elementor-element elementor-element-e7fdbce elementor-section-boxed elementor-section-height-default elementor-section-height-default\" data-id=\"e7fdbce\" data-element_type=\"section\">\n\t\t\t\t\t\t<div class=\"elementor-container elementor-column-gap-default\">\n\t\t\t\t\t<div class=\"elementor-column elementor-col-100 elementor-top-column elementor-element elementor-element-1e4b692\" data-id=\"1e4b692\" data-element_type=\"column\">\n\t\t\t<div class=\"elementor-widget-wrap elementor-element-populated\">\n\t\t\t\t\t\t<div class=\"elementor-element elementor-element-3795f60 elementor-position-top elementor-widget elementor-widget-image-box\" data-id=\"3795f60\" data-element_type=\"widget\" data-widget_type=\"image-box.default\">\n\t\t\t\t<div class=\"elementor-widget-container\">\n\t\t\t\t\t<div class=\"elementor-image-box-wrapper\"><figure class=\"elementor-image-box-img\"><img loading=\"lazy\" decoding=\"async\" width=\"1280\" height=\"855\" src=\"https:\/\/www.kumekimun.cl\/web\/wp-content\/uploads\/2022\/04\/Guacolda-Araneda-Kume-Kimun.jpeg\" class=\"attachment-full size-full wp-image-166\" alt=\"Guacolda Araneda Kume Kimun\" srcset=\"https:\/\/www.kumekimun.cl\/web\/wp-content\/uploads\/2022\/04\/Guacolda-Araneda-Kume-Kimun.jpeg 1280w, https:\/\/www.kumekimun.cl\/web\/wp-content\/uploads\/2022\/04\/Guacolda-Araneda-Kume-Kimun-300x200.jpeg 300w, https:\/\/www.kumekimun.cl\/web\/wp-content\/uploads\/2022\/04\/Guacolda-Araneda-Kume-Kimun-1024x684.jpeg 1024w, https:\/\/www.kumekimun.cl\/web\/wp-content\/uploads\/2022\/04\/Guacolda-Araneda-Kume-Kimun-768x513.jpeg 768w\" sizes=\"(max-width: 1280px) 100vw, 1280px\" \/><\/figure><div class=\"elementor-image-box-content\"><h3 class=\"elementor-image-box-title\">Guacolda Araneda C.<\/h3><p class=\"elementor-image-box-description\">Matrona Enfermera \u2013 Acupunturista acreditada por el Minsal.\nM\u00e1ster en Fertilidad - Fitoterapia en MTC y A.  M\u00e1ster Bioenerg\u00e9tica. \nFormaci\u00f3n en nutrici\u00f3n y diet\u00e9tica occidental.<\/p><\/div><\/div>\t\t\t\t<\/div>\n\t\t\t\t<\/div>\n\t\t\t\t\t<\/div>\n\t\t<\/div>\n\t\t\t\t\t<\/div>\n\t\t<\/section>\n\t\t\t\t<section class=\"elementor-section elementor-top-section elementor-element elementor-element-6c7add5 elementor-section-boxed elementor-section-height-default elementor-section-height-default\" data-id=\"6c7add5\" data-element_type=\"section\">\n\t\t\t\t\t\t<div class=\"elementor-container elementor-column-gap-default\">\n\t\t\t\t\t<div class=\"elementor-column elementor-col-50 elementor-top-column elementor-element elementor-element-10ce5da\" data-id=\"10ce5da\" data-element_type=\"column\">\n\t\t\t<div class=\"elementor-widget-wrap elementor-element-populated\">\n\t\t\t\t\t\t<div class=\"elementor-element elementor-element-1d6acb0 elementor-position-top elementor-widget elementor-widget-image-box\" data-id=\"1d6acb0\" data-element_type=\"widget\" data-widget_type=\"image-box.default\">\n\t\t\t\t<div class=\"elementor-widget-container\">\n\t\t\t\t\t<div class=\"elementor-image-box-wrapper\"><figure class=\"elementor-image-box-img\"><img loading=\"lazy\" decoding=\"async\" width=\"2560\" height=\"2142\" src=\"https:\/\/www.kumekimun.cl\/web\/wp-content\/uploads\/2022\/04\/DSC09241-2-2-scaled.jpg\" class=\"attachment-full size-full wp-image-164\" alt=\"Jesica Carmona\" srcset=\"https:\/\/www.kumekimun.cl\/web\/wp-content\/uploads\/2022\/04\/DSC09241-2-2-scaled.jpg 2560w, https:\/\/www.kumekimun.cl\/web\/wp-content\/uploads\/2022\/04\/DSC09241-2-2-300x251.jpg 300w, https:\/\/www.kumekimun.cl\/web\/wp-content\/uploads\/2022\/04\/DSC09241-2-2-1024x857.jpg 1024w, https:\/\/www.kumekimun.cl\/web\/wp-content\/uploads\/2022\/04\/DSC09241-2-2-768x643.jpg 768w, https:\/\/www.kumekimun.cl\/web\/wp-content\/uploads\/2022\/04\/DSC09241-2-2-1536x1285.jpg 1536w, https:\/\/www.kumekimun.cl\/web\/wp-content\/uploads\/2022\/04\/DSC09241-2-2-2048x1714.jpg 2048w\" sizes=\"(max-width: 2560px) 100vw, 2560px\" \/><\/figure><div class=\"elementor-image-box-content\"><h3 class=\"elementor-image-box-title\">Jessica Carmona C. <\/h3><p class=\"elementor-image-box-description\">Enfermera Pedi\u00e1trica\u2013 Master en Microbiota Humana, Acupunturista acreditada por el Minsal , Diplomada en nutrici\u00f3n MTC.<\/p><\/div><\/div>\t\t\t\t<\/div>\n\t\t\t\t<\/div>\n\t\t\t\t\t<\/div>\n\t\t<\/div>\n\t\t\t\t<div class=\"elementor-column elementor-col-50 elementor-top-column elementor-element elementor-element-6ccbf22\" data-id=\"6ccbf22\" data-element_type=\"column\">\n\t\t\t<div class=\"elementor-widget-wrap elementor-element-populated\">\n\t\t\t\t\t\t<div class=\"elementor-element elementor-element-37c5d4d elementor-position-top elementor-widget elementor-widget-image-box\" data-id=\"37c5d4d\" data-element_type=\"widget\" data-widget_type=\"image-box.default\">\n\t\t\t\t<div class=\"elementor-widget-container\">\n\t\t\t\t\t<div class=\"elementor-image-box-wrapper\"><figure class=\"elementor-image-box-img\"><img loading=\"lazy\" decoding=\"async\" width=\"1789\" height=\"1663\" src=\"https:\/\/www.kumekimun.cl\/web\/wp-content\/uploads\/2022\/04\/DSC01968.jpg\" class=\"attachment-full size-full wp-image-165\" alt=\"Eva Manrriquez\" srcset=\"https:\/\/www.kumekimun.cl\/web\/wp-content\/uploads\/2022\/04\/DSC01968.jpg 1789w, https:\/\/www.kumekimun.cl\/web\/wp-content\/uploads\/2022\/04\/DSC01968-300x279.jpg 300w, https:\/\/www.kumekimun.cl\/web\/wp-content\/uploads\/2022\/04\/DSC01968-1024x952.jpg 1024w, https:\/\/www.kumekimun.cl\/web\/wp-content\/uploads\/2022\/04\/DSC01968-768x714.jpg 768w, https:\/\/www.kumekimun.cl\/web\/wp-content\/uploads\/2022\/04\/DSC01968-1536x1428.jpg 1536w\" sizes=\"(max-width: 1789px) 100vw, 1789px\" \/><\/figure><div class=\"elementor-image-box-content\"><h3 class=\"elementor-image-box-title\"> Eva Manr\u00edquez.<\/h3><p class=\"elementor-image-box-description\">Chef en Gastronom\u00eda Internacional, Cocina vegetariana \/vegana,\nAcupunturista acreditada por el Minsal , Diplomada en nutrici\u00f3n MTC.<\/p><\/div><\/div>\t\t\t\t<\/div>\n\t\t\t\t<\/div>\n\t\t\t\t\t<\/div>\n\t\t<\/div>\n\t\t\t\t\t<\/div>\n\t\t<\/section>\n\t\t\t\t<\/div>\n\t\t","protected":false},"excerpt":{"rendered":"<p>Diplomado Nutrici\u00f3n Oriental Este Diplomado de Nutrici\u00f3n en Medicina Oriental pretende entregar al alumno los conocimientos b\u00e1sicos sobre el marco hist\u00f3rico, preventivo y tratamiento a trav\u00e9s de los diversos alimentos seg\u00fan su valoraci\u00f3n, su naturaleza, direcci\u00f3n, tendencia, sabor, acci\u00f3n, tropismo, etc. El alumno entender\u00e1 como interpretar los datos que nos aporta el paciente para reconocer [&hellip;]<\/p>\n","protected":false},"author":1,"featured_media":0,"parent":0,"menu_order":0,"comment_status":"closed","ping_status":"closed","template":"elementor_header_footer","meta":{"footnotes":""},"class_list":["post-152","page","type-page","status-publish","hentry"],"_links":{"self":[{"href":"https:\/\/www.kumekimun.cl\/web\/wp-json\/wp\/v2\/pages\/152","targetHints":{"allow":["GET"]}}],"collection":[{"href":"https:\/\/www.kumekimun.cl\/web\/wp-json\/wp\/v2\/pages"}],"about":[{"href":"https:\/\/www.kumekimun.cl\/web\/wp-json\/wp\/v2\/types\/page"}],"author":[{"embeddable":true,"href":"https:\/\/www.kumekimun.cl\/web\/wp-json\/wp\/v2\/users\/1"}],"replies":[{"embeddable":true,"href":"https:\/\/www.kumekimun.cl\/web\/wp-json\/wp\/v2\/comments?post=152"}],"version-history":[{"count":19,"href":"https:\/\/www.kumekimun.cl\/web\/wp-json\/wp\/v2\/pages\/152\/revisions"}],"predecessor-version":[{"id":201,"href":"https:\/\/www.kumekimun.cl\/web\/wp-json\/wp\/v2\/pages\/152\/revisions\/201"}],"wp:attachment":[{"href":"https:\/\/www.kumekimun.cl\/web\/wp-json\/wp\/v2\/media?parent=152"}],"curies":[{"name":"wp","href":"https:\/\/api.w.org\/{rel}","templated":true}]}}