{"id":534,"date":"2025-03-05T15:54:08","date_gmt":"2025-03-05T15:54:08","guid":{"rendered":"https:\/\/www.kumekimun.cl\/web\/?page_id=534"},"modified":"2025-03-05T16:00:58","modified_gmt":"2025-03-05T16:00:58","slug":"congreso-femenil","status":"publish","type":"page","link":"https:\/\/www.kumekimun.cl\/web\/congreso-femenil\/","title":{"rendered":"Congreso Femenil"},"content":{"rendered":"\t\t<div data-elementor-type=\"wp-page\" data-elementor-id=\"534\" class=\"elementor elementor-534\" data-elementor-post-type=\"page\">\n\t\t\t\t\t\t<section class=\"elementor-section elementor-top-section elementor-element elementor-element-e601ac4 elementor-section-boxed elementor-section-height-default elementor-section-height-default\" data-id=\"e601ac4\" data-element_type=\"section\">\n\t\t\t\t\t\t<div class=\"elementor-container elementor-column-gap-default\">\n\t\t\t\t\t<div class=\"elementor-column elementor-col-100 elementor-top-column elementor-element elementor-element-18c6668\" data-id=\"18c6668\" data-element_type=\"column\">\n\t\t\t<div class=\"elementor-widget-wrap elementor-element-populated\">\n\t\t\t\t\t\t<div class=\"elementor-element elementor-element-e808fea elementor-widget elementor-widget-image\" data-id=\"e808fea\" data-element_type=\"widget\" data-widget_type=\"image.default\">\n\t\t\t\t<div class=\"elementor-widget-container\">\n\t\t\t\t\t\t\t\t\t\t\t\t\t\t\t<img fetchpriority=\"high\" decoding=\"async\" width=\"800\" height=\"400\" src=\"https:\/\/www.kumekimun.cl\/web\/wp-content\/uploads\/2025\/03\/Ilustracion_sin_titulo-1024x512.png\" class=\"attachment-large size-large wp-image-536\" alt=\"\" srcset=\"https:\/\/www.kumekimun.cl\/web\/wp-content\/uploads\/2025\/03\/Ilustracion_sin_titulo-1024x512.png 1024w, https:\/\/www.kumekimun.cl\/web\/wp-content\/uploads\/2025\/03\/Ilustracion_sin_titulo-300x150.png 300w, https:\/\/www.kumekimun.cl\/web\/wp-content\/uploads\/2025\/03\/Ilustracion_sin_titulo-768x384.png 768w, https:\/\/www.kumekimun.cl\/web\/wp-content\/uploads\/2025\/03\/Ilustracion_sin_titulo.png 1200w\" sizes=\"(max-width: 800px) 100vw, 800px\" \/>\t\t\t\t\t\t\t\t\t\t\t\t\t\t\t<\/div>\n\t\t\t\t<\/div>\n\t\t\t\t\t<\/div>\n\t\t<\/div>\n\t\t\t\t\t<\/div>\n\t\t<\/section>\n\t\t\t\t<section class=\"elementor-section elementor-top-section elementor-element elementor-element-549f4a3 elementor-section-boxed elementor-section-height-default elementor-section-height-default\" data-id=\"549f4a3\" data-element_type=\"section\">\n\t\t\t\t\t\t<div class=\"elementor-container elementor-column-gap-default\">\n\t\t\t\t\t<div class=\"elementor-column elementor-col-50 elementor-top-column elementor-element elementor-element-469ec91\" data-id=\"469ec91\" data-element_type=\"column\">\n\t\t\t<div class=\"elementor-widget-wrap elementor-element-populated\">\n\t\t\t\t\t\t<div class=\"elementor-element elementor-element-bbc9099 elementor-widget elementor-widget-heading\" data-id=\"bbc9099\" data-element_type=\"widget\" data-widget_type=\"heading.default\">\n\t\t\t\t<div class=\"elementor-widget-container\">\n\t\t\t\t\t<h2 class=\"elementor-heading-title elementor-size-default\">Segundo Congreso Internacional Femenil de Medicina Tradicional China<\/h2>\t\t\t\t<\/div>\n\t\t\t\t<\/div>\n\t\t\t\t<div class=\"elementor-element elementor-element-6591e60 elementor-widget elementor-widget-text-editor\" data-id=\"6591e60\" data-element_type=\"widget\" data-widget_type=\"text-editor.default\">\n\t\t\t\t<div class=\"elementor-widget-container\">\n\t\t\t\t\t\t\t\t\t<p>Segundo Congreso Internacional Femenil de Medicina Tradicional China<\/p><p>En honor al d\u00eda internacional de la mujer. Decidimos abrir un espacio para que mujeres investigadoras y amantes de la medicina y la salud puedan levantar la voz y expresar sus saberes.<br \/>Dicho evento ser\u00e1 los d\u00edas 7, 8 y 9 de marzo del 2025.<\/p><p>\u270d\ud83c\udffbProceso de inscripci\u00f3n al congreso:<\/p><p>1.- Hacer el pago correspondiente:<\/p><p>\ud83d\udcb2Cuenta para pago Chile<br \/>Banco Estado<br \/>Titular: Servicio de Capacitaci\u00f3n de Medicina Complementaria<br \/>Rut: 76.329.318-1<br \/>Tipo de cuenta: Chequera Electr\u00f3nica o Cuenta Vista<br \/>N\u00b0 cuenta: 0017947710-6<br \/>Correo: secretaria@kumemongen.cl<\/p><p>2.- Enviar nombre completo de los inscritos, correo electr\u00f3nico y comprobante de pago<br \/>3.- Contestar por cada asistente, un breve cuestionario, mismo al que anexar\u00e1 su comprobante de pago.<br \/>* El link para dicho cuestionario le ser\u00e1 enviada una vez confirmado su pago.<\/p><p>Con estos sencillos pasos podremos terminar de forma adecuada su registro<\/p><p>\ud83d\ude4b D\u00edas antes del gran evento recibir\u00e1 el link y las contrase\u00f1as de acceso a su correo electr\u00f3nico con su c\u00f3digo que deber\u00e1 usar al conectarse al congreso, para identificarlo correctamente y evitar la expulsi\u00f3n de la sala<br \/>Quedamos atentos a sus dudas y esperamos su pronto registro\ud83d\ude45<\/p>\t\t\t\t\t\t\t\t<\/div>\n\t\t\t\t<\/div>\n\t\t\t\t\t<\/div>\n\t\t<\/div>\n\t\t\t\t<div class=\"elementor-column elementor-col-50 elementor-top-column elementor-element elementor-element-ee4c965\" data-id=\"ee4c965\" data-element_type=\"column\">\n\t\t\t<div class=\"elementor-widget-wrap elementor-element-populated\">\n\t\t\t\t\t\t<div class=\"elementor-element elementor-element-0d00245 elementor-widget elementor-widget-image\" data-id=\"0d00245\" data-element_type=\"widget\" data-widget_type=\"image.default\">\n\t\t\t\t<div class=\"elementor-widget-container\">\n\t\t\t\t\t\t\t\t\t\t\t\t\t\t\t<img decoding=\"async\" width=\"800\" height=\"800\" src=\"https:\/\/www.kumekimun.cl\/web\/wp-content\/uploads\/2025\/03\/476445435_1066161905523738_8345452509043376777_n-1024x1024.jpg\" class=\"attachment-large size-large wp-image-545\" alt=\"\" srcset=\"https:\/\/www.kumekimun.cl\/web\/wp-content\/uploads\/2025\/03\/476445435_1066161905523738_8345452509043376777_n-1024x1024.jpg 1024w, https:\/\/www.kumekimun.cl\/web\/wp-content\/uploads\/2025\/03\/476445435_1066161905523738_8345452509043376777_n-300x300.jpg 300w, https:\/\/www.kumekimun.cl\/web\/wp-content\/uploads\/2025\/03\/476445435_1066161905523738_8345452509043376777_n-150x150.jpg 150w, https:\/\/www.kumekimun.cl\/web\/wp-content\/uploads\/2025\/03\/476445435_1066161905523738_8345452509043376777_n-768x768.jpg 768w, https:\/\/www.kumekimun.cl\/web\/wp-content\/uploads\/2025\/03\/476445435_1066161905523738_8345452509043376777_n.jpg 1080w\" sizes=\"(max-width: 800px) 100vw, 800px\" \/>\t\t\t\t\t\t\t\t\t\t\t\t\t\t\t<\/div>\n\t\t\t\t<\/div>\n\t\t\t\t<div class=\"elementor-element elementor-element-22ad4df elementor-widget elementor-widget-gallery\" data-id=\"22ad4df\" data-element_type=\"widget\" data-settings=\"{&quot;lazyload&quot;:&quot;yes&quot;,&quot;gallery_layout&quot;:&quot;grid&quot;,&quot;columns&quot;:4,&quot;columns_tablet&quot;:2,&quot;columns_mobile&quot;:1,&quot;gap&quot;:{&quot;unit&quot;:&quot;px&quot;,&quot;size&quot;:10,&quot;sizes&quot;:[]},&quot;gap_tablet&quot;:{&quot;unit&quot;:&quot;px&quot;,&quot;size&quot;:10,&quot;sizes&quot;:[]},&quot;gap_mobile&quot;:{&quot;unit&quot;:&quot;px&quot;,&quot;size&quot;:10,&quot;sizes&quot;:[]},&quot;link_to&quot;:&quot;file&quot;,&quot;aspect_ratio&quot;:&quot;3:2&quot;,&quot;overlay_background&quot;:&quot;yes&quot;,&quot;content_hover_animation&quot;:&quot;fade-in&quot;}\" data-widget_type=\"gallery.default\">\n\t\t\t\t<div class=\"elementor-widget-container\">\n\t\t\t\t\t\t\t<div class=\"elementor-gallery__container\">\n\t\t\t\t\t\t\t<a class=\"e-gallery-item elementor-gallery-item elementor-animated-content\" href=\"https:\/\/www.kumekimun.cl\/web\/wp-content\/uploads\/2025\/03\/476339680_1066162745523654_8659162578937713247_n.jpg\" data-elementor-open-lightbox=\"yes\" data-elementor-lightbox-slideshow=\"22ad4df\" data-elementor-lightbox-title=\"476339680_1066162745523654_8659162578937713247_n\" data-e-action-hash=\"#elementor-action%3Aaction%3Dlightbox%26settings%3DeyJpZCI6NTM3LCJ1cmwiOiJodHRwczpcL1wvd3d3Lmt1bWVraW11bi5jbFwvd2ViXC93cC1jb250ZW50XC91cGxvYWRzXC8yMDI1XC8wM1wvNDc2MzM5NjgwXzEwNjYxNjI3NDU1MjM2NTRfODY1OTE2MjU3ODkzNzcxMzI0N19uLmpwZyIsInNsaWRlc2hvdyI6IjIyYWQ0ZGYifQ%3D%3D\">\n\t\t\t\t\t<div class=\"e-gallery-image elementor-gallery-item__image\" data-thumbnail=\"https:\/\/www.kumekimun.cl\/web\/wp-content\/uploads\/2025\/03\/476339680_1066162745523654_8659162578937713247_n-300x300.jpg\" data-width=\"300\" data-height=\"300\" aria-label=\"\" role=\"img\" ><\/div>\n\t\t\t\t\t\t\t\t\t\t\t<div class=\"elementor-gallery-item__overlay\"><\/div>\n\t\t\t\t\t\t\t\t\t\t\t\t\t\t<\/a>\n\t\t\t\t\t\t\t<a class=\"e-gallery-item elementor-gallery-item elementor-animated-content\" href=\"https:\/\/www.kumekimun.cl\/web\/wp-content\/uploads\/2025\/03\/476441447_1066161882190407_9160399248167072789_n.jpg\" data-elementor-open-lightbox=\"yes\" data-elementor-lightbox-slideshow=\"22ad4df\" data-elementor-lightbox-title=\"476441447_1066161882190407_9160399248167072789_n\" data-e-action-hash=\"#elementor-action%3Aaction%3Dlightbox%26settings%3DeyJpZCI6NTM4LCJ1cmwiOiJodHRwczpcL1wvd3d3Lmt1bWVraW11bi5jbFwvd2ViXC93cC1jb250ZW50XC91cGxvYWRzXC8yMDI1XC8wM1wvNDc2NDQxNDQ3XzEwNjYxNjE4ODIxOTA0MDdfOTE2MDM5OTI0ODE2NzA3Mjc4OV9uLmpwZyIsInNsaWRlc2hvdyI6IjIyYWQ0ZGYifQ%3D%3D\">\n\t\t\t\t\t<div class=\"e-gallery-image elementor-gallery-item__image\" data-thumbnail=\"https:\/\/www.kumekimun.cl\/web\/wp-content\/uploads\/2025\/03\/476441447_1066161882190407_9160399248167072789_n-300x300.jpg\" data-width=\"300\" data-height=\"300\" aria-label=\"\" role=\"img\" ><\/div>\n\t\t\t\t\t\t\t\t\t\t\t<div class=\"elementor-gallery-item__overlay\"><\/div>\n\t\t\t\t\t\t\t\t\t\t\t\t\t\t<\/a>\n\t\t\t\t\t\t\t<a class=\"e-gallery-item elementor-gallery-item elementor-animated-content\" href=\"https:\/\/www.kumekimun.cl\/web\/wp-content\/uploads\/2025\/03\/476467951_1066162052190390_1353242975505624238_n.jpg\" data-elementor-open-lightbox=\"yes\" data-elementor-lightbox-slideshow=\"22ad4df\" data-elementor-lightbox-title=\"476467951_1066162052190390_1353242975505624238_n\" data-e-action-hash=\"#elementor-action%3Aaction%3Dlightbox%26settings%3DeyJpZCI6NTM5LCJ1cmwiOiJodHRwczpcL1wvd3d3Lmt1bWVraW11bi5jbFwvd2ViXC93cC1jb250ZW50XC91cGxvYWRzXC8yMDI1XC8wM1wvNDc2NDY3OTUxXzEwNjYxNjIwNTIxOTAzOTBfMTM1MzI0Mjk3NTUwNTYyNDIzOF9uLmpwZyIsInNsaWRlc2hvdyI6IjIyYWQ0ZGYifQ%3D%3D\">\n\t\t\t\t\t<div class=\"e-gallery-image elementor-gallery-item__image\" data-thumbnail=\"https:\/\/www.kumekimun.cl\/web\/wp-content\/uploads\/2025\/03\/476467951_1066162052190390_1353242975505624238_n-300x300.jpg\" data-width=\"300\" data-height=\"300\" aria-label=\"\" role=\"img\" ><\/div>\n\t\t\t\t\t\t\t\t\t\t\t<div class=\"elementor-gallery-item__overlay\"><\/div>\n\t\t\t\t\t\t\t\t\t\t\t\t\t\t<\/a>\n\t\t\t\t\t\t\t<a class=\"e-gallery-item elementor-gallery-item elementor-animated-content\" href=\"https:\/\/www.kumekimun.cl\/web\/wp-content\/uploads\/2025\/03\/476834445_1066161838857078_7184891856998161775_n.jpg\" data-elementor-open-lightbox=\"yes\" data-elementor-lightbox-slideshow=\"22ad4df\" data-elementor-lightbox-title=\"476834445_1066161838857078_7184891856998161775_n\" data-e-action-hash=\"#elementor-action%3Aaction%3Dlightbox%26settings%3DeyJpZCI6NTQwLCJ1cmwiOiJodHRwczpcL1wvd3d3Lmt1bWVraW11bi5jbFwvd2ViXC93cC1jb250ZW50XC91cGxvYWRzXC8yMDI1XC8wM1wvNDc2ODM0NDQ1XzEwNjYxNjE4Mzg4NTcwNzhfNzE4NDg5MTg1Njk5ODE2MTc3NV9uLmpwZyIsInNsaWRlc2hvdyI6IjIyYWQ0ZGYifQ%3D%3D\">\n\t\t\t\t\t<div class=\"e-gallery-image elementor-gallery-item__image\" data-thumbnail=\"https:\/\/www.kumekimun.cl\/web\/wp-content\/uploads\/2025\/03\/476834445_1066161838857078_7184891856998161775_n-300x300.jpg\" data-width=\"300\" data-height=\"300\" aria-label=\"\" role=\"img\" ><\/div>\n\t\t\t\t\t\t\t\t\t\t\t<div class=\"elementor-gallery-item__overlay\"><\/div>\n\t\t\t\t\t\t\t\t\t\t\t\t\t\t<\/a>\n\t\t\t\t\t\t\t<a class=\"e-gallery-item elementor-gallery-item elementor-animated-content\" href=\"https:\/\/www.kumekimun.cl\/web\/wp-content\/uploads\/2025\/03\/477295011_1066162022190393_5005987984645276731_n.jpg\" data-elementor-open-lightbox=\"yes\" data-elementor-lightbox-slideshow=\"22ad4df\" data-elementor-lightbox-title=\"477295011_1066162022190393_5005987984645276731_n\" data-e-action-hash=\"#elementor-action%3Aaction%3Dlightbox%26settings%3DeyJpZCI6NTQxLCJ1cmwiOiJodHRwczpcL1wvd3d3Lmt1bWVraW11bi5jbFwvd2ViXC93cC1jb250ZW50XC91cGxvYWRzXC8yMDI1XC8wM1wvNDc3Mjk1MDExXzEwNjYxNjIwMjIxOTAzOTNfNTAwNTk4Nzk4NDY0NTI3NjczMV9uLmpwZyIsInNsaWRlc2hvdyI6IjIyYWQ0ZGYifQ%3D%3D\">\n\t\t\t\t\t<div class=\"e-gallery-image elementor-gallery-item__image\" data-thumbnail=\"https:\/\/www.kumekimun.cl\/web\/wp-content\/uploads\/2025\/03\/477295011_1066162022190393_5005987984645276731_n-300x300.jpg\" data-width=\"300\" data-height=\"300\" aria-label=\"\" role=\"img\" ><\/div>\n\t\t\t\t\t\t\t\t\t\t\t<div class=\"elementor-gallery-item__overlay\"><\/div>\n\t\t\t\t\t\t\t\t\t\t\t\t\t\t<\/a>\n\t\t\t\t\t\t\t<a class=\"e-gallery-item elementor-gallery-item elementor-animated-content\" href=\"https:\/\/www.kumekimun.cl\/web\/wp-content\/uploads\/2025\/03\/478821496_1066162148857047_7696677508227226243_n.jpg\" data-elementor-open-lightbox=\"yes\" data-elementor-lightbox-slideshow=\"22ad4df\" data-elementor-lightbox-title=\"478821496_1066162148857047_7696677508227226243_n\" data-e-action-hash=\"#elementor-action%3Aaction%3Dlightbox%26settings%3DeyJpZCI6NTQyLCJ1cmwiOiJodHRwczpcL1wvd3d3Lmt1bWVraW11bi5jbFwvd2ViXC93cC1jb250ZW50XC91cGxvYWRzXC8yMDI1XC8wM1wvNDc4ODIxNDk2XzEwNjYxNjIxNDg4NTcwNDdfNzY5NjY3NzUwODIyNzIyNjI0M19uLmpwZyIsInNsaWRlc2hvdyI6IjIyYWQ0ZGYifQ%3D%3D\">\n\t\t\t\t\t<div class=\"e-gallery-image elementor-gallery-item__image\" data-thumbnail=\"https:\/\/www.kumekimun.cl\/web\/wp-content\/uploads\/2025\/03\/478821496_1066162148857047_7696677508227226243_n-300x300.jpg\" data-width=\"300\" data-height=\"300\" aria-label=\"\" role=\"img\" ><\/div>\n\t\t\t\t\t\t\t\t\t\t\t<div class=\"elementor-gallery-item__overlay\"><\/div>\n\t\t\t\t\t\t\t\t\t\t\t\t\t\t<\/a>\n\t\t\t\t\t\t\t<a class=\"e-gallery-item elementor-gallery-item elementor-animated-content\" href=\"https:\/\/www.kumekimun.cl\/web\/wp-content\/uploads\/2025\/03\/479665275_1066162068857055_7313224569285939948_n.jpg\" data-elementor-open-lightbox=\"yes\" data-elementor-lightbox-slideshow=\"22ad4df\" data-elementor-lightbox-title=\"479665275_1066162068857055_7313224569285939948_n\" data-e-action-hash=\"#elementor-action%3Aaction%3Dlightbox%26settings%3DeyJpZCI6NTQzLCJ1cmwiOiJodHRwczpcL1wvd3d3Lmt1bWVraW11bi5jbFwvd2ViXC93cC1jb250ZW50XC91cGxvYWRzXC8yMDI1XC8wM1wvNDc5NjY1Mjc1XzEwNjYxNjIwNjg4NTcwNTVfNzMxMzIyNDU2OTI4NTkzOTk0OF9uLmpwZyIsInNsaWRlc2hvdyI6IjIyYWQ0ZGYifQ%3D%3D\">\n\t\t\t\t\t<div class=\"e-gallery-image elementor-gallery-item__image\" data-thumbnail=\"https:\/\/www.kumekimun.cl\/web\/wp-content\/uploads\/2025\/03\/479665275_1066162068857055_7313224569285939948_n-300x300.jpg\" data-width=\"300\" data-height=\"300\" aria-label=\"\" role=\"img\" ><\/div>\n\t\t\t\t\t\t\t\t\t\t\t<div class=\"elementor-gallery-item__overlay\"><\/div>\n\t\t\t\t\t\t\t\t\t\t\t\t\t\t<\/a>\n\t\t\t\t\t<\/div>\n\t\t\t\t\t<\/div>\n\t\t\t\t<\/div>\n\t\t\t\t\t<\/div>\n\t\t<\/div>\n\t\t\t\t\t<\/div>\n\t\t<\/section>\n\t\t\t\t<section class=\"elementor-section elementor-top-section elementor-element elementor-element-c47c881 elementor-section-boxed elementor-section-height-default elementor-section-height-default\" data-id=\"c47c881\" data-element_type=\"section\">\n\t\t\t\t\t\t<div class=\"elementor-container elementor-column-gap-default\">\n\t\t\t\t\t<div class=\"elementor-column elementor-col-50 elementor-top-column elementor-element elementor-element-455222c\" data-id=\"455222c\" data-element_type=\"column\">\n\t\t\t<div class=\"elementor-widget-wrap elementor-element-populated\">\n\t\t\t\t\t\t<div class=\"elementor-element elementor-element-290aae0 elementor-widget elementor-widget-image\" data-id=\"290aae0\" data-element_type=\"widget\" data-widget_type=\"image.default\">\n\t\t\t\t<div class=\"elementor-widget-container\">\n\t\t\t\t\t\t\t\t\t\t\t\t\t\t\t<img decoding=\"async\" width=\"597\" height=\"1024\" src=\"https:\/\/www.kumekimun.cl\/web\/wp-content\/uploads\/2025\/03\/1-597x1024.png\" class=\"attachment-large size-large wp-image-546\" alt=\"\" srcset=\"https:\/\/www.kumekimun.cl\/web\/wp-content\/uploads\/2025\/03\/1-597x1024.png 597w, https:\/\/www.kumekimun.cl\/web\/wp-content\/uploads\/2025\/03\/1-175x300.png 175w, https:\/\/www.kumekimun.cl\/web\/wp-content\/uploads\/2025\/03\/1-768x1317.png 768w, https:\/\/www.kumekimun.cl\/web\/wp-content\/uploads\/2025\/03\/1-896x1536.png 896w, https:\/\/www.kumekimun.cl\/web\/wp-content\/uploads\/2025\/03\/1-1195x2048.png 1195w\" sizes=\"(max-width: 597px) 100vw, 597px\" \/>\t\t\t\t\t\t\t\t\t\t\t\t\t\t\t<\/div>\n\t\t\t\t<\/div>\n\t\t\t\t\t<\/div>\n\t\t<\/div>\n\t\t\t\t<div class=\"elementor-column elementor-col-50 elementor-top-column elementor-element elementor-element-7d83155\" data-id=\"7d83155\" data-element_type=\"column\">\n\t\t\t<div class=\"elementor-widget-wrap elementor-element-populated\">\n\t\t\t\t\t\t<div class=\"elementor-element elementor-element-6d52fba elementor-widget elementor-widget-image\" data-id=\"6d52fba\" data-element_type=\"widget\" data-widget_type=\"image.default\">\n\t\t\t\t<div class=\"elementor-widget-container\">\n\t\t\t\t\t\t\t\t\t\t\t\t\t\t\t<img loading=\"lazy\" decoding=\"async\" width=\"597\" height=\"1024\" src=\"https:\/\/www.kumekimun.cl\/web\/wp-content\/uploads\/2025\/03\/2-597x1024.png\" class=\"attachment-large size-large wp-image-547\" alt=\"\" srcset=\"https:\/\/www.kumekimun.cl\/web\/wp-content\/uploads\/2025\/03\/2-597x1024.png 597w, https:\/\/www.kumekimun.cl\/web\/wp-content\/uploads\/2025\/03\/2-175x300.png 175w, https:\/\/www.kumekimun.cl\/web\/wp-content\/uploads\/2025\/03\/2-768x1317.png 768w, https:\/\/www.kumekimun.cl\/web\/wp-content\/uploads\/2025\/03\/2-896x1536.png 896w, https:\/\/www.kumekimun.cl\/web\/wp-content\/uploads\/2025\/03\/2-1195x2048.png 1195w\" sizes=\"(max-width: 597px) 100vw, 597px\" \/>\t\t\t\t\t\t\t\t\t\t\t\t\t\t\t<\/div>\n\t\t\t\t<\/div>\n\t\t\t\t\t<\/div>\n\t\t<\/div>\n\t\t\t\t\t<\/div>\n\t\t<\/section>\n\t\t\t\t<\/div>\n\t\t","protected":false},"excerpt":{"rendered":"<p>Segundo Congreso Internacional Femenil de Medicina Tradicional China Segundo Congreso Internacional Femenil de Medicina Tradicional China En honor al d\u00eda internacional de la mujer. Decidimos abrir un espacio para que mujeres investigadoras y amantes de la medicina y la salud puedan levantar la voz y expresar sus saberes.Dicho evento ser\u00e1 los d\u00edas 7, 8 y [&hellip;]<\/p>\n","protected":false},"author":1,"featured_media":0,"parent":0,"menu_order":0,"comment_status":"closed","ping_status":"closed","template":"elementor_header_footer","meta":{"footnotes":""},"class_list":["post-534","page","type-page","status-publish","hentry"],"_links":{"self":[{"href":"https:\/\/www.kumekimun.cl\/web\/wp-json\/wp\/v2\/pages\/534","targetHints":{"allow":["GET"]}}],"collection":[{"href":"https:\/\/www.kumekimun.cl\/web\/wp-json\/wp\/v2\/pages"}],"about":[{"href":"https:\/\/www.kumekimun.cl\/web\/wp-json\/wp\/v2\/types\/page"}],"author":[{"embeddable":true,"href":"https:\/\/www.kumekimun.cl\/web\/wp-json\/wp\/v2\/users\/1"}],"replies":[{"embeddable":true,"href":"https:\/\/www.kumekimun.cl\/web\/wp-json\/wp\/v2\/comments?post=534"}],"version-history":[{"count":5,"href":"https:\/\/www.kumekimun.cl\/web\/wp-json\/wp\/v2\/pages\/534\/revisions"}],"predecessor-version":[{"id":554,"href":"https:\/\/www.kumekimun.cl\/web\/wp-json\/wp\/v2\/pages\/534\/revisions\/554"}],"wp:attachment":[{"href":"https:\/\/www.kumekimun.cl\/web\/wp-json\/wp\/v2\/media?parent=534"}],"curies":[{"name":"wp","href":"https:\/\/api.w.org\/{rel}","templated":true}]}}